{"id":1189,"date":"2023-10-27T20:15:53","date_gmt":"2023-10-28T02:15:53","guid":{"rendered":"https:\/\/hotelgreencostarica.com\/our-blog\/"},"modified":"2023-12-06T17:27:59","modified_gmt":"2023-12-06T23:27:59","slug":"our-blog","status":"publish","type":"page","link":"https:\/\/hotelgreenjaco.com\/en\/our-blog\/","title":{"rendered":"Our Blog"},"content":{"rendered":"\t\t<div data-elementor-type=\"wp-page\" data-elementor-id=\"1189\" class=\"elementor elementor-1189 elementor-934\">\n\t\t\t\t\t\t\t\t\t<section class=\"elementor-section elementor-top-section elementor-element elementor-element-2edfac0e elementor-section-full_width elementor-section-height-default elementor-section-height-default parallax_section_no qode_elementor_container_no\" data-id=\"2edfac0e\" data-element_type=\"section\" data-settings=\"{&quot;background_background&quot;:&quot;classic&quot;}\">\n\t\t\t\t\t\t<div class=\"elementor-container elementor-column-gap-no\">\n\t\t\t\t\t<div class=\"elementor-column elementor-col-100 elementor-top-column elementor-element elementor-element-3408d4fb\" data-id=\"3408d4fb\" data-element_type=\"column\">\n\t\t\t<div class=\"elementor-widget-wrap elementor-element-populated\">\n\t\t\t\t\t\t\t\t<div class=\"elementor-element elementor-element-d5f058d elementor-widget elementor-widget-qi_addons_for_elementor_blog_list\" data-id=\"d5f058d\" data-element_type=\"widget\" data-widget_type=\"qi_addons_for_elementor_blog_list.default\">\n\t\t\t\t<div class=\"elementor-widget-container\">\n\t\t\t<div class=\"qodef-shortcode qodef-m qodef-addons-blog-list qodef-info-no-icons qodef-image--hover-zoom qodef-qi-grid qodef-layout--qi-columns qodef-col-num--3 qodef-item-layout--boxed qodef-responsive--predefined\" >\n\t<div class=\"qodef-grid-inner\">\n\t\t<article class=\"qodef-e qodef-blog-item qodef-grid-item qodef-item--full post-1194 post type-post status-publish format-standard has-post-thumbnail hentry category-travel-en tag-costa-rica-en tag-jaco-beach-en tag-nearby-beaches-en tag-things-to-do-en tag-tourism-attractions-en\">\n\t<div class=\"qodef-e-inner\">\n\t\t<div class=\"qodef-e-media-holder\">\n\t\t\t<div class=\"qodef-e-media\">\n\t\t<div class=\"qodef-e-media-image\">\n\t\t<a itemprop=\"url\" href=\"https:\/\/hotelgreenjaco.com\/en\/exploring-the-best-of-playa-jaco-costa-rica-a-guide-to-nearby-beaches-and-tourist-attractions\/\">\n\t\t\t<img fetchpriority=\"high\" decoding=\"async\" width=\"1600\" height=\"1067\" src=\"https:\/\/hotelgreenjaco.com\/wp-content\/uploads\/2023\/10\/blog_nearby.jpg\" class=\"attachment-full size-full\" alt=\"blog nearby\" srcset=\"https:\/\/hotelgreenjaco.com\/wp-content\/uploads\/2023\/10\/blog_nearby.jpg 1600w, https:\/\/hotelgreenjaco.com\/wp-content\/uploads\/2023\/10\/blog_nearby-300x200.jpg 300w, https:\/\/hotelgreenjaco.com\/wp-content\/uploads\/2023\/10\/blog_nearby-1024x683.jpg 1024w, https:\/\/hotelgreenjaco.com\/wp-content\/uploads\/2023\/10\/blog_nearby-768x512.jpg 768w, https:\/\/hotelgreenjaco.com\/wp-content\/uploads\/2023\/10\/blog_nearby-1536x1024.jpg 1536w, https:\/\/hotelgreenjaco.com\/wp-content\/uploads\/2023\/10\/blog_nearby-700x467.jpg 700w\" sizes=\"(max-width: 1600px) 100vw, 1600px\" \/>\t\t<\/a>\n\t\t\t<\/div>\n<\/div>\n<div itemprop=\"dateCreated\" class=\"qodef-e-info-item qodef-e-info-date entry-date \">\n\t<a itemprop=\"url\" href=\"https:\/\/hotelgreenjaco.com\/en\/2023\/10\/\">\n\t\t27 Oct\t<\/a>\n<\/div>\n\t\t<\/div>\n\t\t<div class=\"qodef-e-content\">\n\t\t\t\t\t\t\t<div class=\"qodef-e-info qodef-info--top\">\n\t\t\t\t\t<div class=\"qodef-e-info-item qodef-e-info-category\">\n\t\t<a href=\"https:\/\/hotelgreenjaco.com\/en\/category\/travel-en\/\" rel=\"category tag\">Travel<\/a><\/div>\n<div class=\"qodef-e-info-item qodef-e-info-author\">\n\t<a itemprop=\"author\" class=\"qodef-e-info-author-link\" href=\"https:\/\/hotelgreenjaco.com\/en\/author\/hotelgreencostarica-com\/\">\n\t\t\t\thotelgreencostarica.com\t<\/a>\n<\/div>\n\t\t\t\t<\/div>\n\t\t\t\t\t\t<div class=\"qodef-e-text\">\n\t\t\t\t<h5 itemprop=\"name\" class=\"qodef-e-title entry-title\">\n\t<a itemprop=\"url\" class=\"qodef-e-title-link\" href=\"https:\/\/hotelgreenjaco.com\/en\/exploring-the-best-of-playa-jaco-costa-rica-a-guide-to-nearby-beaches-and-tourist-attractions\/\">\n\t\tExploring the best of Playa Jac\u00f3, Costa Rica: a guide to nearby beaches and tourist attractions\t<\/a>\n<\/h5>\n\t\t<p itemprop=\"description\" class=\"qodef-e-excerpt\">\n\t\t\tIntroduction Playa Jac\u00f3, located on Costa Rica&#8217;s stunning Pacific coast, is a popular tourist destination known for its beautiful beaches, vibrant nightlife, and exciting ou\t\t<\/p>\n\t\t\t\t<\/div>\n\t\t\t\t\t\t\t<div class=\"qodef-e-info qodef-info--bottom\">\n\t\t\t\t\t\t<div class=\"qodef-e-read-more\">\n\t\t<a class=\"qodef-shortcode qodef-m qodef-qi-button qodef-html--link qodef-layout--filled qodef-type--standard qodef-icon--right qodef-hover--icon-move-horizontal-short\" href=\"https:\/\/hotelgreenjaco.com\/en\/exploring-the-best-of-playa-jaco-costa-rica-a-guide-to-nearby-beaches-and-tourist-attractions\/\" target=\"_self\">\t<span class=\"qodef-m-text\">Read More<\/span>\t<\/a>\t<\/div>\n\t\t\t\t<\/div>\n\t\t\t\t\t<\/div>\n\t<\/div>\n<\/article>\n<article class=\"qodef-e qodef-blog-item qodef-grid-item qodef-item--full post-1196 post type-post status-publish format-standard has-post-thumbnail hentry category-touristic-destinations tag-costa-rica-en tag-manuel-antonio-en tag-nature\">\n\t<div class=\"qodef-e-inner\">\n\t\t<div class=\"qodef-e-media-holder\">\n\t\t\t<div class=\"qodef-e-media\">\n\t\t<div class=\"qodef-e-media-image\">\n\t\t<a itemprop=\"url\" href=\"https:\/\/hotelgreenjaco.com\/en\/discover-manuel-antonio-a-natural-paradise-in-costa-rica\/\">\n\t\t\t<img decoding=\"async\" width=\"1200\" height=\"800\" src=\"https:\/\/hotelgreenjaco.com\/wp-content\/uploads\/2023\/10\/manuel_antonio1.jpg\" class=\"attachment-full size-full\" alt=\"manuel antonio1\" srcset=\"https:\/\/hotelgreenjaco.com\/wp-content\/uploads\/2023\/10\/manuel_antonio1.jpg 1200w, https:\/\/hotelgreenjaco.com\/wp-content\/uploads\/2023\/10\/manuel_antonio1-300x200.jpg 300w, https:\/\/hotelgreenjaco.com\/wp-content\/uploads\/2023\/10\/manuel_antonio1-1024x683.jpg 1024w, https:\/\/hotelgreenjaco.com\/wp-content\/uploads\/2023\/10\/manuel_antonio1-768x512.jpg 768w, https:\/\/hotelgreenjaco.com\/wp-content\/uploads\/2023\/10\/manuel_antonio1-700x467.jpg 700w\" sizes=\"(max-width: 1200px) 100vw, 1200px\" \/>\t\t<\/a>\n\t\t\t<\/div>\n<\/div>\n<div itemprop=\"dateCreated\" class=\"qodef-e-info-item qodef-e-info-date entry-date \">\n\t<a itemprop=\"url\" href=\"https:\/\/hotelgreenjaco.com\/en\/2023\/10\/\">\n\t\t27 Oct\t<\/a>\n<\/div>\n\t\t<\/div>\n\t\t<div class=\"qodef-e-content\">\n\t\t\t\t\t\t\t<div class=\"qodef-e-info qodef-info--top\">\n\t\t\t\t\t<div class=\"qodef-e-info-item qodef-e-info-category\">\n\t\t<a href=\"https:\/\/hotelgreenjaco.com\/en\/category\/touristic-destinations\/\" rel=\"category tag\">Touristic destinations<\/a><\/div>\n<div class=\"qodef-e-info-item qodef-e-info-author\">\n\t<a itemprop=\"author\" class=\"qodef-e-info-author-link\" href=\"https:\/\/hotelgreenjaco.com\/en\/author\/hotelgreencostarica-com\/\">\n\t\t\t\thotelgreencostarica.com\t<\/a>\n<\/div>\n\t\t\t\t<\/div>\n\t\t\t\t\t\t<div class=\"qodef-e-text\">\n\t\t\t\t<h5 itemprop=\"name\" class=\"qodef-e-title entry-title\">\n\t<a itemprop=\"url\" class=\"qodef-e-title-link\" href=\"https:\/\/hotelgreenjaco.com\/en\/discover-manuel-antonio-a-natural-paradise-in-costa-rica\/\">\n\t\tDiscover Manuel Antonio: A natural paradise in Costa Rica\t<\/a>\n<\/h5>\n\t\t<p itemprop=\"description\" class=\"qodef-e-excerpt\">\n\t\t\tIf you are planning a trip to Costa Rica, you cannot miss visiting Manuel Antonio, a destination that will leave you breathless. Located just a few kilometers from Jac\u00f3, this nati\t\t<\/p>\n\t\t\t\t<\/div>\n\t\t\t\t\t\t\t<div class=\"qodef-e-info qodef-info--bottom\">\n\t\t\t\t\t\t<div class=\"qodef-e-read-more\">\n\t\t<a class=\"qodef-shortcode qodef-m qodef-qi-button qodef-html--link qodef-layout--filled qodef-type--standard qodef-icon--right qodef-hover--icon-move-horizontal-short\" href=\"https:\/\/hotelgreenjaco.com\/en\/discover-manuel-antonio-a-natural-paradise-in-costa-rica\/\" target=\"_self\">\t<span class=\"qodef-m-text\">Read More<\/span>\t<\/a>\t<\/div>\n\t\t\t\t<\/div>\n\t\t\t\t\t<\/div>\n\t<\/div>\n<\/article>\n<article class=\"qodef-e qodef-blog-item qodef-grid-item qodef-item--full post-1198 post type-post status-publish format-standard has-post-thumbnail hentry category-nature-en tag-carara-national-park tag-costa-rica-en tag-wildlife\">\n\t<div class=\"qodef-e-inner\">\n\t\t<div class=\"qodef-e-media-holder\">\n\t\t\t<div class=\"qodef-e-media\">\n\t\t<div class=\"qodef-e-media-image\">\n\t\t<a itemprop=\"url\" href=\"https:\/\/hotelgreenjaco.com\/en\/discover-the-beauty-of-carara-national-park-a-natural-treasure-in-costa-rica\/\">\n\t\t\t<img decoding=\"async\" width=\"652\" height=\"446\" src=\"https:\/\/hotelgreenjaco.com\/wp-content\/uploads\/2023\/10\/carara2.jpg\" class=\"attachment-full size-full\" alt=\"carara2\" srcset=\"https:\/\/hotelgreenjaco.com\/wp-content\/uploads\/2023\/10\/carara2.jpg 652w, https:\/\/hotelgreenjaco.com\/wp-content\/uploads\/2023\/10\/carara2-300x205.jpg 300w, https:\/\/hotelgreenjaco.com\/wp-content\/uploads\/2023\/10\/carara2-650x446.jpg 650w\" sizes=\"(max-width: 652px) 100vw, 652px\" \/>\t\t<\/a>\n\t\t\t<\/div>\n<\/div>\n<div itemprop=\"dateCreated\" class=\"qodef-e-info-item qodef-e-info-date entry-date \">\n\t<a itemprop=\"url\" href=\"https:\/\/hotelgreenjaco.com\/en\/2023\/10\/\">\n\t\t27 Oct\t<\/a>\n<\/div>\n\t\t<\/div>\n\t\t<div class=\"qodef-e-content\">\n\t\t\t\t\t\t\t<div class=\"qodef-e-info qodef-info--top\">\n\t\t\t\t\t<div class=\"qodef-e-info-item qodef-e-info-category\">\n\t\t<a href=\"https:\/\/hotelgreenjaco.com\/en\/category\/nature-en\/\" rel=\"category tag\">Nature<\/a><\/div>\n<div class=\"qodef-e-info-item qodef-e-info-author\">\n\t<a itemprop=\"author\" class=\"qodef-e-info-author-link\" href=\"https:\/\/hotelgreenjaco.com\/en\/author\/hotelgreencostarica-com\/\">\n\t\t\t\thotelgreencostarica.com\t<\/a>\n<\/div>\n\t\t\t\t<\/div>\n\t\t\t\t\t\t<div class=\"qodef-e-text\">\n\t\t\t\t<h5 itemprop=\"name\" class=\"qodef-e-title entry-title\">\n\t<a itemprop=\"url\" class=\"qodef-e-title-link\" href=\"https:\/\/hotelgreenjaco.com\/en\/discover-the-beauty-of-carara-national-park-a-natural-treasure-in-costa-rica\/\">\n\t\tDiscover the beauty of Carara National Park: A natural treasure in Costa Rica\t<\/a>\n<\/h5>\n\t\t<p itemprop=\"description\" class=\"qodef-e-excerpt\">\n\t\t\tThe Carara National Park, located in Costa Rica, is a true natural treasure that you cannot miss. With an area of more than 5,000 hectares, this park is home to a wide variety of f\t\t<\/p>\n\t\t\t\t<\/div>\n\t\t\t\t\t\t\t<div class=\"qodef-e-info qodef-info--bottom\">\n\t\t\t\t\t\t<div class=\"qodef-e-read-more\">\n\t\t<a class=\"qodef-shortcode qodef-m qodef-qi-button qodef-html--link qodef-layout--filled qodef-type--standard qodef-icon--right qodef-hover--icon-move-horizontal-short\" href=\"https:\/\/hotelgreenjaco.com\/en\/discover-the-beauty-of-carara-national-park-a-natural-treasure-in-costa-rica\/\" target=\"_self\">\t<span class=\"qodef-m-text\">Read More<\/span>\t<\/a>\t<\/div>\n\t\t\t\t<\/div>\n\t\t\t\t\t<\/div>\n\t<\/div>\n<\/article>\n\t<\/div>\n\t<\/div>\n\t\t<\/div>\n\t\t\t\t<\/div>\n\t\t\t\t\t<\/div>\n\t\t<\/div>\n\t\t\t\t\t\t\t<\/div>\n\t\t<\/section>\n\t\t\t\t<section class=\"elementor-section elementor-top-section elementor-element elementor-element-4d20a96 elementor-section-full_width elementor-section-height-default elementor-section-height-default parallax_section_no qode_elementor_container_no\" data-id=\"4d20a96\" data-element_type=\"section\">\n\t\t\t\t\t\t<div class=\"elementor-container elementor-column-gap-no\">\n\t\t\t\t\t<div class=\"elementor-column elementor-col-100 elementor-top-column elementor-element elementor-element-56d63d\" data-id=\"56d63d\" data-element_type=\"column\">\n\t\t\t<div class=\"elementor-widget-wrap\">\n\t\t\t\t\t\t\t\t\t<\/div>\n\t\t<\/div>\n\t\t\t\t\t\t\t<\/div>\n\t\t<\/section>\n\t\t\t\t<section class=\"elementor-section elementor-top-section elementor-element elementor-element-acbeee7 elementor-section-full_width elementor-section-height-default elementor-section-height-default parallax_section_no qode_elementor_container_no\" data-id=\"acbeee7\" data-element_type=\"section\">\n\t\t\t\t\t\t<div class=\"elementor-container elementor-column-gap-no\">\n\t\t\t\t\t<div class=\"elementor-column elementor-col-100 elementor-top-column elementor-element elementor-element-5d041ce\" data-id=\"5d041ce\" data-element_type=\"column\">\n\t\t\t<div class=\"elementor-widget-wrap elementor-element-populated\">\n\t\t\t\t\t\t\t\t<div class=\"elementor-element elementor-element-a05068a elementor-widget elementor-widget-bridge_testimonials_carousel\" data-id=\"a05068a\" data-element_type=\"widget\" data-widget_type=\"bridge_testimonials_carousel.default\">\n\t\t\t\t<div class=\"elementor-widget-container\">\n\t\t\t<div class='testimonials_c_holder clearfix '><div class=\"testimonials_c testimonials_c_carousel\" data-show-navigation=\"yes\" data-animation-speed=\"500\" data-auto-rotate-slides=\"3\" data-number-per-slide=\"1\"><ul class=\"slides\"><li id=\"testimonials-c-1208\" class=\"testimonial_content\"><div class=\"testimonial_content_inner\"><div class=\"testimonial_image_holder\"><img decoding=\"async\" src=\"https:\/\/hotelgreenjaco.com\/wp-content\/uploads\/2020\/06\/bookingcom.png\" \/><\/div><div class=\"testimonial_text_holder\"><div class=\"testimonial_text_inner\" style=\"\"><p>\u201cI liked the attention and that the place is very nice.\u201d<\/p><p class=\"testimonial_author\" style=\"\">Jorge <span>Cliente<\/span><span class=\"author_company_divider\"> - <\/span><span class=\"author_company\">booking.com<\/span><\/p><\/div><\/div><\/div><\/li><li id=\"testimonials-c-1209\" class=\"testimonial_content\"><div class=\"testimonial_content_inner\"><div class=\"testimonial_image_holder\"><img decoding=\"async\" src=\"https:\/\/hotelgreenjaco.com\/wp-content\/uploads\/2020\/06\/google.png\" \/><\/div><div class=\"testimonial_text_holder\"><div class=\"testimonial_text_inner\" style=\"\"><p>\"It has the necessary amenities, a quiet place, perfect to be with the family.\"<\/p><p class=\"testimonial_author\" style=\"\">Mar Centeno <span>Customer<\/span><\/p><\/div><\/div><\/div><\/li><li id=\"testimonials-c-1210\" class=\"testimonial_content\"><div class=\"testimonial_content_inner\"><div class=\"testimonial_image_holder\"><img decoding=\"async\" src=\"https:\/\/hotelgreenjaco.com\/wp-content\/uploads\/2020\/06\/bookingcom.png\" \/><\/div><div class=\"testimonial_text_holder\"><div class=\"testimonial_text_inner\" style=\"\"><p>\u201cThe attention of the hotel staff was quite efficient regarding the problem. They solved it by bringing some kitchen implements to the room and my mother and her relatives had a good stay. \u201cThey let them stay a little longer at the hotel.\u201d<\/p><p class=\"testimonial_author\" style=\"\">Eva<span>Customer Booking.com<\/span><span class=\"author_company_divider\"> - <\/span><span class=\"author_company\">booking.com<\/span><\/p><\/div><\/div><\/div><\/li><\/ul><\/div><\/div>\t\t<\/div>\n\t\t\t\t<\/div>\n\t\t\t\t\t<\/div>\n\t\t<\/div>\n\t\t\t\t\t\t\t<\/div>\n\t\t<\/section>\n\t\t\t\t\t\t\t<\/div>\n\t\t","protected":false},"excerpt":{"rendered":"<p>27 Oct Travel hotelgreencostarica.com Explorando lo mejor de Playa Jac\u00f3, Costa Rica: una gu\u00eda de playas cercanas y atracciones tur\u00edsticas Introducci\u00f3n Playa Jac\u00f3, ubicada en la impresionante costa del Pac\u00edfico de Costa Rica, es un destino tur\u00edstico popular conocido por sus hermosas playas, su vibrante&#8230;<\/p>\n","protected":false},"author":1,"featured_media":0,"parent":0,"menu_order":0,"comment_status":"closed","ping_status":"closed","template":"full_width.php","meta":{"content-type":"","footnotes":""},"aioseo_notices":[],"_links":{"self":[{"href":"https:\/\/hotelgreenjaco.com\/en\/wp-json\/wp\/v2\/pages\/1189"}],"collection":[{"href":"https:\/\/hotelgreenjaco.com\/en\/wp-json\/wp\/v2\/pages"}],"about":[{"href":"https:\/\/hotelgreenjaco.com\/en\/wp-json\/wp\/v2\/types\/page"}],"author":[{"embeddable":true,"href":"https:\/\/hotelgreenjaco.com\/en\/wp-json\/wp\/v2\/users\/1"}],"replies":[{"embeddable":true,"href":"https:\/\/hotelgreenjaco.com\/en\/wp-json\/wp\/v2\/comments?post=1189"}],"version-history":[{"count":1,"href":"https:\/\/hotelgreenjaco.com\/en\/wp-json\/wp\/v2\/pages\/1189\/revisions"}],"predecessor-version":[{"id":1190,"href":"https:\/\/hotelgreenjaco.com\/en\/wp-json\/wp\/v2\/pages\/1189\/revisions\/1190"}],"wp:attachment":[{"href":"https:\/\/hotelgreenjaco.com\/en\/wp-json\/wp\/v2\/media?parent=1189"}],"curies":[{"name":"wp","href":"https:\/\/api.w.org\/{rel}","templated":true}]}}